{"id":585,"date":"2018-01-31T23:10:06","date_gmt":"2018-01-31T22:10:06","guid":{"rendered":"https:\/\/apartamentolapaman.com\/?page_id=585"},"modified":"2018-01-31T23:10:24","modified_gmt":"2018-01-31T22:10:24","slug":"book-online-now","status":"publish","type":"page","link":"https:\/\/apartamentolapaman.com\/en\/book-online-now\/","title":{"rendered":"Book online now"},"content":{"rendered":"<p>Pon tus fechas deseadas y&#8230; \u00a1cruza los dedos!<\/p>\n<p>Specify your check-in and check-out dates and the number of people &#8211; find the best room rate and book it online easily.<\/p>\n<div class=\"mphb_sc_search-wrapper \"><form method = \"GET\" class = \"mphb_sc_search-form\" action = \"https:\/\/apartamentolapaman.com\/en\/search-results\">\r\n\r\n\t<p class = \"mphb-required-fields-tip\">\r\n\t<small>\r\n\t\tRequired fields are followed by\t\t<abbr title=\"required\">*<\/abbr>\r\n\t<\/small>\r\n<\/p>\r\n\t<p class=\"mphb_sc_search-check-in-date\">\r\n\t\t<label for=\"mphb_check_in_date-mphb-search-form-69e0f7f7c153b\">\r\n\t\t\tCheck-in\t\t\t<abbr title=\"Formatted as dd\/mm\/yyyy\">*<\/abbr>\r\n\t\t<\/label>\r\n\t\t<br \/>\r\n\t\t<input\r\n\t\t\tid=\"mphb_check_in_date-mphb-search-form-69e0f7f7c153b\"\r\n\t\t\tdata-datepick-group=\"mphb-search-form-69e0f7f7c153b\"\r\n\t\t\tvalue=\"\"\r\n\t\t\tplaceholder=\"Check-in Date\"\r\n\t\t\trequired=\"required\"\r\n\t\t\ttype=\"text\"\r\n\t\t\tname=\"mphb_check_in_date\"\r\n\t\t\tclass=\"mphb-datepick\"\r\n\t\t\tautocomplete=\"off\"\r\n\t\t\t\/>\r\n\t<\/p>\r\n\r\n\t<p class=\"mphb_sc_search-check-out-date\">\r\n\t\t<label for=\"mphb_check_out_date-mphb-search-form-69e0f7f7c153b\">\r\n\t\t\tCheck-out\t\t\t<abbr title=\"Formatted as dd\/mm\/yyyy\">*<\/abbr>\r\n\t\t<\/label>\r\n\t\t<br \/>\r\n\t\t<input\r\n\t\t\tid=\"mphb_check_out_date-mphb-search-form-69e0f7f7c153b\"\r\n\t\t\tdata-datepick-group=\"mphb-search-form-69e0f7f7c153b\"\r\n\t\t\tvalue=\"\"\r\n\t\t\tplaceholder=\"Check-out Date\"\r\n\t\t\trequired=\"required\"\r\n\t\t\ttype=\"text\"\r\n\t\t\tname=\"mphb_check_out_date\"\r\n\t\t\tclass=\"mphb-datepick\"\r\n\t\t\tautocomplete=\"off\"\r\n\t\t\t\/>\r\n\t<\/p>\r\n\r\n\t<p class=\"mphb_sc_search-adults\">\r\n\t\t<label for=\"mphb_adults-mphb-search-form-69e0f7f7c153b\">\r\n\t\t\tAdults\t\t<\/label>\r\n\t\t<br \/>\r\n\t\t<select id=\"mphb_adults-mphb-search-form-69e0f7f7c153b\" name=\"mphb_adults\" >\r\n\t\t\t\t\t\t\t<option value=\"1\"  selected='selected'>1<\/option>\r\n\t\t\t\t\t\t\t<option value=\"2\" >2<\/option>\r\n\t\t\t\t\t\t\t<option value=\"3\" >3<\/option>\r\n\t\t\t\t\t\t\t<option value=\"4\" >4<\/option>\r\n\t\t\t\t\t\t\t<option value=\"5\" >5<\/option>\r\n\t\t\t\t\t\t\t<option value=\"6\" >6<\/option>\r\n\t\t\t\t\t<\/select>\r\n\t<\/p>\r\n\r\n\t<p class=\"mphb_sc_search-children\">\r\n\t\t<label for=\"mphb_children-mphb-search-form-69e0f7f7c153b\">\r\n\t\t\tChildren\t\t<\/label>\r\n\t\t<br \/>\r\n\t\t<select id=\"mphb_children-mphb-search-form-69e0f7f7c153b\" name=\"mphb_children\">\r\n\t\t\t\t\t\t\t<option value=\"0\"  selected='selected'>0<\/option>\r\n\t\t\t\t\t\t\t<option value=\"1\" >1<\/option>\r\n\t\t\t\t\t\t\t<option value=\"2\" >2<\/option>\r\n\t\t\t\t\t\t\t<option value=\"3\" >3<\/option>\r\n\t\t\t\t\t\t\t<option value=\"4\" >4<\/option>\r\n\t\t\t\t\t\t\t<option value=\"5\" >5<\/option>\r\n\t\t\t\t\t<\/select>\r\n\t<\/p>\r\n\r\n\t<input id=\"mphb_check_in_date-mphb-search-form-69e0f7f7c153b-hidden\" value=\"\" type=\"hidden\" name=\"mphb_check_in_date\" \/><input id=\"mphb_check_out_date-mphb-search-form-69e0f7f7c153b-hidden\" value=\"\" type=\"hidden\" name=\"mphb_check_out_date\" \/>\r\n\t<p class=\"mphb_sc_search-submit-button-wrapper\">\r\n\t\t<input type=\"submit\" class=\"button\" value=\"Search\"\/>\r\n\t<\/p>\r\n\r\n\t\r\n<\/form><\/div>\n","protected":false},"excerpt":{"rendered":"<p>Reservar online en Apartamento Lapam\u00e1n es r\u00e1pido y f\u00e1cil. \u00a1Mejor precio garantizado!<\/p>\n","protected":false},"author":1,"featured_media":0,"parent":0,"menu_order":0,"comment_status":"closed","ping_status":"closed","template":"template-full-width-page.php","meta":{"amp_status":"","spay_email":""},"jetpack_sharing_enabled":true,"jetpack_shortlink":"https:\/\/wp.me\/P9AYLN-9r","_links":{"self":[{"href":"https:\/\/apartamentolapaman.com\/en\/wp-json\/wp\/v2\/pages\/585"}],"collection":[{"href":"https:\/\/apartamentolapaman.com\/en\/wp-json\/wp\/v2\/pages"}],"about":[{"href":"https:\/\/apartamentolapaman.com\/en\/wp-json\/wp\/v2\/types\/page"}],"author":[{"embeddable":true,"href":"https:\/\/apartamentolapaman.com\/en\/wp-json\/wp\/v2\/users\/1"}],"replies":[{"embeddable":true,"href":"https:\/\/apartamentolapaman.com\/en\/wp-json\/wp\/v2\/comments?post=585"}],"version-history":[{"count":2,"href":"https:\/\/apartamentolapaman.com\/en\/wp-json\/wp\/v2\/pages\/585\/revisions"}],"predecessor-version":[{"id":587,"href":"https:\/\/apartamentolapaman.com\/en\/wp-json\/wp\/v2\/pages\/585\/revisions\/587"}],"wp:attachment":[{"href":"https:\/\/apartamentolapaman.com\/en\/wp-json\/wp\/v2\/media?parent=585"}],"curies":[{"name":"wp","href":"https:\/\/api.w.org\/{rel}","templated":true}]}}