{"id":549,"date":"2018-01-31T22:55:20","date_gmt":"2018-01-31T21:55:20","guid":{"rendered":"https:\/\/apartamentolapaman.com\/?page_id=549"},"modified":"2018-02-07T20:50:00","modified_gmt":"2018-02-07T19:50:00","slug":"enviroment","status":"publish","type":"page","link":"https:\/\/apartamentolapaman.com\/en\/rent\/enviroment\/","title":{"rendered":"Enviroment"},"content":{"rendered":"<p>Para hablar de lo cerca que queda la playica y tal. quiz\u00e1 posibles otras p\u00e1ginas anidadas en esta con contenidos estilo &#8220;10 sitios a visitar a menos de 30 minutos en coche&#8221; o as\u00ed<\/p>\n","protected":false},"excerpt":{"rendered":"<p>Para hablar de lo cerca que queda la playica y tal. quiz\u00e1 posibles otras p\u00e1ginas anidadas en esta con contenidos estilo &#8220;10 sitios a visitar a menos de 30 minutos en coche&#8221; o as\u00ed<\/p>\n","protected":false},"author":1,"featured_media":616,"parent":533,"menu_order":2,"comment_status":"closed","ping_status":"closed","template":"","meta":{"amp_status":"","spay_email":""},"jetpack_sharing_enabled":true,"jetpack_shortlink":"https:\/\/wp.me\/P9AYLN-8R","_links":{"self":[{"href":"https:\/\/apartamentolapaman.com\/en\/wp-json\/wp\/v2\/pages\/549"}],"collection":[{"href":"https:\/\/apartamentolapaman.com\/en\/wp-json\/wp\/v2\/pages"}],"about":[{"href":"https:\/\/apartamentolapaman.com\/en\/wp-json\/wp\/v2\/types\/page"}],"author":[{"embeddable":true,"href":"https:\/\/apartamentolapaman.com\/en\/wp-json\/wp\/v2\/users\/1"}],"replies":[{"embeddable":true,"href":"https:\/\/apartamentolapaman.com\/en\/wp-json\/wp\/v2\/comments?post=549"}],"version-history":[{"count":2,"href":"https:\/\/apartamentolapaman.com\/en\/wp-json\/wp\/v2\/pages\/549\/revisions"}],"predecessor-version":[{"id":551,"href":"https:\/\/apartamentolapaman.com\/en\/wp-json\/wp\/v2\/pages\/549\/revisions\/551"}],"up":[{"embeddable":true,"href":"https:\/\/apartamentolapaman.com\/en\/wp-json\/wp\/v2\/pages\/533"}],"wp:featuredmedia":[{"embeddable":true,"href":"https:\/\/apartamentolapaman.com\/en\/wp-json\/wp\/v2\/media\/616"}],"wp:attachment":[{"href":"https:\/\/apartamentolapaman.com\/en\/wp-json\/wp\/v2\/media?parent=549"}],"curies":[{"name":"wp","href":"https:\/\/api.w.org\/{rel}","templated":true}]}}