{"id":544,"date":"2018-01-31T22:52:31","date_gmt":"2018-01-31T21:52:31","guid":{"rendered":"https:\/\/apartamentolapaman.com\/?page_id=544"},"modified":"2018-05-26T22:57:54","modified_gmt":"2018-05-26T20:57:54","slug":"appartment","status":"publish","type":"page","link":"https:\/\/apartamentolapaman.com\/en\/rent\/appartment\/","title":{"rendered":"Appartment"},"content":{"rendered":"<div class=\"tiled-gallery type-rectangular tiled-gallery-unresized\" data-original-width=\"748\" data-carousel-extra='null' itemscope itemtype=\"http:\/\/schema.org\/ImageGallery\" > <div class=\"gallery-row\" style=\"width: 748px; height: 334px;\" data-original-width=\"748\" data-original-height=\"334\" > <div class=\"gallery-group images-1\" style=\"width: 499px; height: 334px;\" data-original-width=\"499\" data-original-height=\"334\" > <div class=\"tiled-gallery-item tiled-gallery-item-large\" itemprop=\"associatedMedia\" itemscope itemtype=\"http:\/\/schema.org\/ImageObject\"> <a href=\"https:\/\/i1.wp.com\/apartamentolapaman.com\/wp-content\/uploads\/2018\/05\/02-Salon-Chimenea-Apartamento-lapaman.jpg?ssl=1\" border=\"0\" itemprop=\"url\"> <meta itemprop=\"width\" content=\"495\"> <meta itemprop=\"height\" content=\"330\"> <img data-attachment-id=\"713\" data-orig-file=\"https:\/\/apartamentolapaman.com\/wp-content\/uploads\/2018\/05\/02-Salon-Chimenea-Apartamento-lapaman.jpg\" data-orig-size=\"1200,800\" data-comments-opened=\"1\" data-image-meta=\"{&quot;aperture&quot;:&quot;0&quot;,&quot;credit&quot;:&quot;&quot;,&quot;camera&quot;:&quot;&quot;,&quot;caption&quot;:&quot;&quot;,&quot;created_timestamp&quot;:&quot;0&quot;,&quot;copyright&quot;:&quot;&quot;,&quot;focal_length&quot;:&quot;0&quot;,&quot;iso&quot;:&quot;0&quot;,&quot;shutter_speed&quot;:&quot;0&quot;,&quot;title&quot;:&quot;&quot;,&quot;orientation&quot;:&quot;0&quot;}\" data-image-title=\"Sal\u00f3n con chimenea y cuadros del Apartamento Lapam\u00e1n\" data-image-description=\"\" data-medium-file=\"https:\/\/i1.wp.com\/apartamentolapaman.com\/wp-content\/uploads\/2018\/05\/02-Salon-Chimenea-Apartamento-lapaman.jpg?fit=300%2C200&#038;ssl=1\" data-large-file=\"https:\/\/i1.wp.com\/apartamentolapaman.com\/wp-content\/uploads\/2018\/05\/02-Salon-Chimenea-Apartamento-lapaman.jpg?fit=748%2C499&#038;ssl=1\" src=\"https:\/\/i1.wp.com\/apartamentolapaman.com\/wp-content\/uploads\/2018\/05\/02-Salon-Chimenea-Apartamento-lapaman.jpg?w=495&#038;h=330&#038;ssl=1\" width=\"495\" height=\"330\" data-original-width=\"495\" data-original-height=\"330\" itemprop=\"http:\/\/schema.org\/image\" title=\"Sal\u00f3n con chimenea y cuadros del Apartamento Lapam\u00e1n\" alt=\"Sal\u00f3n con chimenea y cuadros del Apartamento Lapam\u00e1n\" style=\"width: 495px; height: 330px;\" \/> <\/a> <\/div> <\/div> <!-- close group --> <div class=\"gallery-group images-2\" style=\"width: 249px; height: 334px;\" data-original-width=\"249\" data-original-height=\"334\" > <div class=\"tiled-gallery-item tiled-gallery-item-small\" itemprop=\"associatedMedia\" itemscope itemtype=\"http:\/\/schema.org\/ImageObject\"> <a href=\"https:\/\/i0.wp.com\/apartamentolapaman.com\/wp-content\/uploads\/2018\/05\/03-salon-sofa-cama-apartamento-lapaman.jpg?ssl=1\" border=\"0\" itemprop=\"url\"> <meta itemprop=\"width\" content=\"245\"> <meta itemprop=\"height\" content=\"163\"> <img data-attachment-id=\"714\" data-orig-file=\"https:\/\/apartamentolapaman.com\/wp-content\/uploads\/2018\/05\/03-salon-sofa-cama-apartamento-lapaman.jpg\" data-orig-size=\"1200,800\" data-comments-opened=\"1\" data-image-meta=\"{&quot;aperture&quot;:&quot;0&quot;,&quot;credit&quot;:&quot;&quot;,&quot;camera&quot;:&quot;&quot;,&quot;caption&quot;:&quot;&quot;,&quot;created_timestamp&quot;:&quot;0&quot;,&quot;copyright&quot;:&quot;&quot;,&quot;focal_length&quot;:&quot;0&quot;,&quot;iso&quot;:&quot;0&quot;,&quot;shutter_speed&quot;:&quot;0&quot;,&quot;title&quot;:&quot;&quot;,&quot;orientation&quot;:&quot;0&quot;}\" data-image-title=\"Sal\u00f3n con sof\u00e1 convertible a cama 1,40 en Apartamento Lapam\u00e1n\" data-image-description=\"\" data-medium-file=\"https:\/\/i0.wp.com\/apartamentolapaman.com\/wp-content\/uploads\/2018\/05\/03-salon-sofa-cama-apartamento-lapaman.jpg?fit=300%2C200&#038;ssl=1\" data-large-file=\"https:\/\/i0.wp.com\/apartamentolapaman.com\/wp-content\/uploads\/2018\/05\/03-salon-sofa-cama-apartamento-lapaman.jpg?fit=748%2C499&#038;ssl=1\" src=\"https:\/\/i0.wp.com\/apartamentolapaman.com\/wp-content\/uploads\/2018\/05\/03-salon-sofa-cama-apartamento-lapaman.jpg?w=245&#038;h=163&#038;ssl=1\" width=\"245\" height=\"163\" data-original-width=\"245\" data-original-height=\"163\" itemprop=\"http:\/\/schema.org\/image\" title=\"Sal\u00f3n con sof\u00e1 convertible a cama 1,40 en Apartamento Lapam\u00e1n\" alt=\"Sal\u00f3n con sof\u00e1 convertible a cama 1,40 en Apartamento Lapam\u00e1n\" style=\"width: 245px; height: 163px;\" \/> <\/a> <\/div> <div class=\"tiled-gallery-item tiled-gallery-item-small\" itemprop=\"associatedMedia\" itemscope itemtype=\"http:\/\/schema.org\/ImageObject\"> <a href=\"https:\/\/i1.wp.com\/apartamentolapaman.com\/wp-content\/uploads\/2018\/05\/04-terraza-vistas-al-mar-apartamento-lapaman-bueu.jpg?ssl=1\" border=\"0\" itemprop=\"url\"> <meta itemprop=\"width\" content=\"245\"> <meta itemprop=\"height\" content=\"163\"> <img data-attachment-id=\"715\" data-orig-file=\"https:\/\/apartamentolapaman.com\/wp-content\/uploads\/2018\/05\/04-terraza-vistas-al-mar-apartamento-lapaman-bueu.jpg\" data-orig-size=\"1200,800\" data-comments-opened=\"1\" data-image-meta=\"{&quot;aperture&quot;:&quot;0&quot;,&quot;credit&quot;:&quot;&quot;,&quot;camera&quot;:&quot;&quot;,&quot;caption&quot;:&quot;&quot;,&quot;created_timestamp&quot;:&quot;0&quot;,&quot;copyright&quot;:&quot;&quot;,&quot;focal_length&quot;:&quot;0&quot;,&quot;iso&quot;:&quot;0&quot;,&quot;shutter_speed&quot;:&quot;0&quot;,&quot;title&quot;:&quot;&quot;,&quot;orientation&quot;:&quot;0&quot;}\" data-image-title=\"Terraza con vistas al mar (R\u00eda de Pontevedra) en Apartamento Lapam\u00e1n\" data-image-description=\"\" data-medium-file=\"https:\/\/i1.wp.com\/apartamentolapaman.com\/wp-content\/uploads\/2018\/05\/04-terraza-vistas-al-mar-apartamento-lapaman-bueu.jpg?fit=300%2C200&#038;ssl=1\" data-large-file=\"https:\/\/i1.wp.com\/apartamentolapaman.com\/wp-content\/uploads\/2018\/05\/04-terraza-vistas-al-mar-apartamento-lapaman-bueu.jpg?fit=748%2C499&#038;ssl=1\" src=\"https:\/\/i1.wp.com\/apartamentolapaman.com\/wp-content\/uploads\/2018\/05\/04-terraza-vistas-al-mar-apartamento-lapaman-bueu.jpg?w=245&#038;h=163&#038;ssl=1\" width=\"245\" height=\"163\" data-original-width=\"245\" data-original-height=\"163\" itemprop=\"http:\/\/schema.org\/image\" title=\"Terraza con vistas al mar (R\u00eda de Pontevedra) en Apartamento Lapam\u00e1n\" alt=\"Terraza con vistas al mar (R\u00eda de Pontevedra) en Apartamento Lapam\u00e1n\" style=\"width: 245px; height: 163px;\" \/> <\/a> <\/div> <\/div> <!-- close group --> <\/div> <!-- close row --> <div class=\"gallery-row\" style=\"width: 748px; height: 168px;\" data-original-width=\"748\" data-original-height=\"168\" > <div class=\"gallery-group images-1\" style=\"width: 250px; height: 168px;\" data-original-width=\"250\" data-original-height=\"168\" > <div class=\"tiled-gallery-item tiled-gallery-item-small\" itemprop=\"associatedMedia\" itemscope itemtype=\"http:\/\/schema.org\/ImageObject\"> <a href=\"https:\/\/i1.wp.com\/apartamentolapaman.com\/wp-content\/uploads\/2018\/05\/05-cocina-apartamento-lapaman-compressor.jpg?ssl=1\" border=\"0\" itemprop=\"url\"> <meta itemprop=\"width\" content=\"246\"> <meta itemprop=\"height\" content=\"164\"> <img data-attachment-id=\"716\" data-orig-file=\"https:\/\/apartamentolapaman.com\/wp-content\/uploads\/2018\/05\/05-cocina-apartamento-lapaman-compressor.jpg\" data-orig-size=\"1200,800\" data-comments-opened=\"1\" data-image-meta=\"{&quot;aperture&quot;:&quot;0&quot;,&quot;credit&quot;:&quot;&quot;,&quot;camera&quot;:&quot;&quot;,&quot;caption&quot;:&quot;&quot;,&quot;created_timestamp&quot;:&quot;0&quot;,&quot;copyright&quot;:&quot;&quot;,&quot;focal_length&quot;:&quot;0&quot;,&quot;iso&quot;:&quot;0&quot;,&quot;shutter_speed&quot;:&quot;0&quot;,&quot;title&quot;:&quot;&quot;,&quot;orientation&quot;:&quot;0&quot;}\" data-image-title=\"Cocina moderna con l\u00ednea blanca y madera en Apartamento Lapam\u00e1n\" data-image-description=\"\" data-medium-file=\"https:\/\/i1.wp.com\/apartamentolapaman.com\/wp-content\/uploads\/2018\/05\/05-cocina-apartamento-lapaman-compressor.jpg?fit=300%2C200&#038;ssl=1\" data-large-file=\"https:\/\/i1.wp.com\/apartamentolapaman.com\/wp-content\/uploads\/2018\/05\/05-cocina-apartamento-lapaman-compressor.jpg?fit=748%2C499&#038;ssl=1\" src=\"https:\/\/i1.wp.com\/apartamentolapaman.com\/wp-content\/uploads\/2018\/05\/05-cocina-apartamento-lapaman-compressor.jpg?w=246&#038;h=164&#038;ssl=1\" width=\"246\" height=\"164\" data-original-width=\"246\" data-original-height=\"164\" itemprop=\"http:\/\/schema.org\/image\" title=\"Cocina moderna con l\u00ednea blanca y madera en Apartamento Lapam\u00e1n\" alt=\"Cocina moderna con l\u00ednea blanca y madera en Apartamento Lapam\u00e1n\" style=\"width: 246px; height: 164px;\" \/> <\/a> <\/div> <\/div> <!-- close group --> <div class=\"gallery-group images-1\" style=\"width: 249px; height: 168px;\" data-original-width=\"249\" data-original-height=\"168\" > <div class=\"tiled-gallery-item tiled-gallery-item-small\" itemprop=\"associatedMedia\" itemscope itemtype=\"http:\/\/schema.org\/ImageObject\"> <a href=\"https:\/\/i0.wp.com\/apartamentolapaman.com\/wp-content\/uploads\/2018\/05\/06-cocina-recibidor-terrazo-apartamento-lapaman-marin.jpg?ssl=1\" border=\"0\" itemprop=\"url\"> <meta itemprop=\"width\" content=\"245\"> <meta itemprop=\"height\" content=\"164\"> <img data-attachment-id=\"717\" data-orig-file=\"https:\/\/apartamentolapaman.com\/wp-content\/uploads\/2018\/05\/06-cocina-recibidor-terrazo-apartamento-lapaman-marin.jpg\" data-orig-size=\"1200,800\" data-comments-opened=\"1\" data-image-meta=\"{&quot;aperture&quot;:&quot;0&quot;,&quot;credit&quot;:&quot;&quot;,&quot;camera&quot;:&quot;&quot;,&quot;caption&quot;:&quot;&quot;,&quot;created_timestamp&quot;:&quot;0&quot;,&quot;copyright&quot;:&quot;&quot;,&quot;focal_length&quot;:&quot;0&quot;,&quot;iso&quot;:&quot;0&quot;,&quot;shutter_speed&quot;:&quot;0&quot;,&quot;title&quot;:&quot;&quot;,&quot;orientation&quot;:&quot;0&quot;}\" data-image-title=\"Cocina y recibidor de Apartamento Lapam\u00e1n\" data-image-description=\"\" data-medium-file=\"https:\/\/i0.wp.com\/apartamentolapaman.com\/wp-content\/uploads\/2018\/05\/06-cocina-recibidor-terrazo-apartamento-lapaman-marin.jpg?fit=300%2C200&#038;ssl=1\" data-large-file=\"https:\/\/i0.wp.com\/apartamentolapaman.com\/wp-content\/uploads\/2018\/05\/06-cocina-recibidor-terrazo-apartamento-lapaman-marin.jpg?fit=748%2C499&#038;ssl=1\" src=\"https:\/\/i0.wp.com\/apartamentolapaman.com\/wp-content\/uploads\/2018\/05\/06-cocina-recibidor-terrazo-apartamento-lapaman-marin.jpg?w=245&#038;h=164&#038;ssl=1\" width=\"245\" height=\"164\" data-original-width=\"245\" data-original-height=\"164\" itemprop=\"http:\/\/schema.org\/image\" title=\"Cocina y recibidor de Apartamento Lapam\u00e1n\" alt=\"Cocina y recibidor de Apartamento Lapam\u00e1n\" style=\"width: 245px; height: 164px;\" \/> <\/a> <\/div> <\/div> <!-- close group --> <div class=\"gallery-group images-1\" style=\"width: 249px; height: 168px;\" data-original-width=\"249\" data-original-height=\"168\" > <div class=\"tiled-gallery-item tiled-gallery-item-small\" itemprop=\"associatedMedia\" itemscope itemtype=\"http:\/\/schema.org\/ImageObject\"> <a href=\"https:\/\/i0.wp.com\/apartamentolapaman.com\/wp-content\/uploads\/2018\/05\/07-recibidor-apartamento-lapaman-compressor.jpg?ssl=1\" border=\"0\" itemprop=\"url\"> <meta itemprop=\"width\" content=\"245\"> <meta itemprop=\"height\" content=\"164\"> <img data-attachment-id=\"718\" data-orig-file=\"https:\/\/apartamentolapaman.com\/wp-content\/uploads\/2018\/05\/07-recibidor-apartamento-lapaman-compressor.jpg\" data-orig-size=\"1200,800\" data-comments-opened=\"1\" data-image-meta=\"{&quot;aperture&quot;:&quot;0&quot;,&quot;credit&quot;:&quot;&quot;,&quot;camera&quot;:&quot;&quot;,&quot;caption&quot;:&quot;&quot;,&quot;created_timestamp&quot;:&quot;0&quot;,&quot;copyright&quot;:&quot;&quot;,&quot;focal_length&quot;:&quot;0&quot;,&quot;iso&quot;:&quot;0&quot;,&quot;shutter_speed&quot;:&quot;0&quot;,&quot;title&quot;:&quot;&quot;,&quot;orientation&quot;:&quot;0&quot;}\" data-image-title=\"Recibidor y cuarto de ba\u00f1o de Apartamento Lapam\u00e1n\" data-image-description=\"\" data-medium-file=\"https:\/\/i0.wp.com\/apartamentolapaman.com\/wp-content\/uploads\/2018\/05\/07-recibidor-apartamento-lapaman-compressor.jpg?fit=300%2C200&#038;ssl=1\" data-large-file=\"https:\/\/i0.wp.com\/apartamentolapaman.com\/wp-content\/uploads\/2018\/05\/07-recibidor-apartamento-lapaman-compressor.jpg?fit=748%2C499&#038;ssl=1\" src=\"https:\/\/i0.wp.com\/apartamentolapaman.com\/wp-content\/uploads\/2018\/05\/07-recibidor-apartamento-lapaman-compressor.jpg?w=245&#038;h=164&#038;ssl=1\" width=\"245\" height=\"164\" data-original-width=\"245\" data-original-height=\"164\" itemprop=\"http:\/\/schema.org\/image\" title=\"Recibidor y cuarto de ba\u00f1o de Apartamento Lapam\u00e1n\" alt=\"Recibidor y cuarto de ba\u00f1o de Apartamento Lapam\u00e1n\" style=\"width: 245px; height: 164px;\" \/> <\/a> <\/div> <\/div> <!-- close group --> <\/div> <!-- close row --> <div class=\"gallery-row\" style=\"width: 748px; height: 334px;\" data-original-width=\"748\" data-original-height=\"334\" > <div class=\"gallery-group images-2\" style=\"width: 249px; height: 334px;\" data-original-width=\"249\" data-original-height=\"334\" > <div class=\"tiled-gallery-item tiled-gallery-item-small\" itemprop=\"associatedMedia\" itemscope itemtype=\"http:\/\/schema.org\/ImageObject\"> <a href=\"https:\/\/i2.wp.com\/apartamentolapaman.com\/wp-content\/uploads\/2018\/05\/08-cuarto-de-bano-lavabo-inodoro-apartamento-lapaman.jpg?ssl=1\" border=\"0\" itemprop=\"url\"> <meta itemprop=\"width\" content=\"245\"> <meta itemprop=\"height\" content=\"163\"> <img data-attachment-id=\"719\" data-orig-file=\"https:\/\/apartamentolapaman.com\/wp-content\/uploads\/2018\/05\/08-cuarto-de-bano-lavabo-inodoro-apartamento-lapaman.jpg\" data-orig-size=\"1200,800\" data-comments-opened=\"1\" data-image-meta=\"{&quot;aperture&quot;:&quot;0&quot;,&quot;credit&quot;:&quot;&quot;,&quot;camera&quot;:&quot;&quot;,&quot;caption&quot;:&quot;&quot;,&quot;created_timestamp&quot;:&quot;0&quot;,&quot;copyright&quot;:&quot;&quot;,&quot;focal_length&quot;:&quot;0&quot;,&quot;iso&quot;:&quot;0&quot;,&quot;shutter_speed&quot;:&quot;0&quot;,&quot;title&quot;:&quot;&quot;,&quot;orientation&quot;:&quot;0&quot;}\" data-image-title=\"Lavabo e inodoro con alicatado vertical azul en Apartamento Lapam\u00e1n\" data-image-description=\"\" data-medium-file=\"https:\/\/i2.wp.com\/apartamentolapaman.com\/wp-content\/uploads\/2018\/05\/08-cuarto-de-bano-lavabo-inodoro-apartamento-lapaman.jpg?fit=300%2C200&#038;ssl=1\" data-large-file=\"https:\/\/i2.wp.com\/apartamentolapaman.com\/wp-content\/uploads\/2018\/05\/08-cuarto-de-bano-lavabo-inodoro-apartamento-lapaman.jpg?fit=748%2C499&#038;ssl=1\" src=\"https:\/\/i2.wp.com\/apartamentolapaman.com\/wp-content\/uploads\/2018\/05\/08-cuarto-de-bano-lavabo-inodoro-apartamento-lapaman.jpg?w=245&#038;h=163&#038;ssl=1\" width=\"245\" height=\"163\" data-original-width=\"245\" data-original-height=\"163\" itemprop=\"http:\/\/schema.org\/image\" title=\"Lavabo e inodoro con alicatado vertical azul en Apartamento Lapam\u00e1n\" alt=\"Lavabo e inodoro con alicatado vertical azul en Apartamento Lapam\u00e1n\" style=\"width: 245px; height: 163px;\" \/> <\/a> <\/div> <div class=\"tiled-gallery-item tiled-gallery-item-small\" itemprop=\"associatedMedia\" itemscope itemtype=\"http:\/\/schema.org\/ImageObject\"> <a href=\"https:\/\/i2.wp.com\/apartamentolapaman.com\/wp-content\/uploads\/2018\/05\/09-cuarto-de-bano-ducha-apartamentp-lapaman.jpg?ssl=1\" border=\"0\" itemprop=\"url\"> <meta itemprop=\"width\" content=\"245\"> <meta itemprop=\"height\" content=\"163\"> <img data-attachment-id=\"720\" data-orig-file=\"https:\/\/apartamentolapaman.com\/wp-content\/uploads\/2018\/05\/09-cuarto-de-bano-ducha-apartamentp-lapaman.jpg\" data-orig-size=\"1200,800\" data-comments-opened=\"1\" data-image-meta=\"{&quot;aperture&quot;:&quot;0&quot;,&quot;credit&quot;:&quot;&quot;,&quot;camera&quot;:&quot;&quot;,&quot;caption&quot;:&quot;&quot;,&quot;created_timestamp&quot;:&quot;0&quot;,&quot;copyright&quot;:&quot;&quot;,&quot;focal_length&quot;:&quot;0&quot;,&quot;iso&quot;:&quot;0&quot;,&quot;shutter_speed&quot;:&quot;0&quot;,&quot;title&quot;:&quot;&quot;,&quot;orientation&quot;:&quot;0&quot;}\" data-image-title=\"Ducha en cuarto de ba\u00f1o de Apartamento Lapam\u00e1n\" data-image-description=\"\" data-medium-file=\"https:\/\/i2.wp.com\/apartamentolapaman.com\/wp-content\/uploads\/2018\/05\/09-cuarto-de-bano-ducha-apartamentp-lapaman.jpg?fit=300%2C200&#038;ssl=1\" data-large-file=\"https:\/\/i2.wp.com\/apartamentolapaman.com\/wp-content\/uploads\/2018\/05\/09-cuarto-de-bano-ducha-apartamentp-lapaman.jpg?fit=748%2C499&#038;ssl=1\" src=\"https:\/\/i2.wp.com\/apartamentolapaman.com\/wp-content\/uploads\/2018\/05\/09-cuarto-de-bano-ducha-apartamentp-lapaman.jpg?w=245&#038;h=163&#038;ssl=1\" width=\"245\" height=\"163\" data-original-width=\"245\" data-original-height=\"163\" itemprop=\"http:\/\/schema.org\/image\" title=\"Ducha en cuarto de ba\u00f1o de Apartamento Lapam\u00e1n\" alt=\"Ducha en cuarto de ba\u00f1o de Apartamento Lapam\u00e1n\" style=\"width: 245px; height: 163px;\" \/> <\/a> <\/div> <\/div> <!-- close group --> <div class=\"gallery-group images-1\" style=\"width: 499px; height: 334px;\" data-original-width=\"499\" data-original-height=\"334\" > <div class=\"tiled-gallery-item tiled-gallery-item-large\" itemprop=\"associatedMedia\" itemscope itemtype=\"http:\/\/schema.org\/ImageObject\"> <a href=\"https:\/\/i1.wp.com\/apartamentolapaman.com\/wp-content\/uploads\/2018\/05\/10-habitacion-principal-apartamento-lapaman.jpg?ssl=1\" border=\"0\" itemprop=\"url\"> <meta itemprop=\"width\" content=\"495\"> <meta itemprop=\"height\" content=\"330\"> <img data-attachment-id=\"721\" data-orig-file=\"https:\/\/apartamentolapaman.com\/wp-content\/uploads\/2018\/05\/10-habitacion-principal-apartamento-lapaman.jpg\" data-orig-size=\"1200,800\" data-comments-opened=\"1\" data-image-meta=\"{&quot;aperture&quot;:&quot;0&quot;,&quot;credit&quot;:&quot;&quot;,&quot;camera&quot;:&quot;&quot;,&quot;caption&quot;:&quot;&quot;,&quot;created_timestamp&quot;:&quot;0&quot;,&quot;copyright&quot;:&quot;&quot;,&quot;focal_length&quot;:&quot;0&quot;,&quot;iso&quot;:&quot;0&quot;,&quot;shutter_speed&quot;:&quot;0&quot;,&quot;title&quot;:&quot;&quot;,&quot;orientation&quot;:&quot;0&quot;}\" data-image-title=\"Habitaci\u00f3n principal de Apartamento Lapam\u00e1n\" data-image-description=\"\" data-medium-file=\"https:\/\/i1.wp.com\/apartamentolapaman.com\/wp-content\/uploads\/2018\/05\/10-habitacion-principal-apartamento-lapaman.jpg?fit=300%2C200&#038;ssl=1\" data-large-file=\"https:\/\/i1.wp.com\/apartamentolapaman.com\/wp-content\/uploads\/2018\/05\/10-habitacion-principal-apartamento-lapaman.jpg?fit=748%2C499&#038;ssl=1\" src=\"https:\/\/i1.wp.com\/apartamentolapaman.com\/wp-content\/uploads\/2018\/05\/10-habitacion-principal-apartamento-lapaman.jpg?w=495&#038;h=330&#038;ssl=1\" width=\"495\" height=\"330\" data-original-width=\"495\" data-original-height=\"330\" itemprop=\"http:\/\/schema.org\/image\" title=\"Habitaci\u00f3n principal de Apartamento Lapam\u00e1n\" alt=\"Habitaci\u00f3n principal de Apartamento Lapam\u00e1n\" style=\"width: 495px; height: 330px;\" \/> <\/a> <\/div> <\/div> <!-- close group --> <\/div> <!-- close row --> <div class=\"gallery-row\" style=\"width: 748px; height: 251px;\" data-original-width=\"748\" data-original-height=\"251\" > <div class=\"gallery-group images-1\" style=\"width: 374px; height: 251px;\" data-original-width=\"374\" data-original-height=\"251\" > <div class=\"tiled-gallery-item tiled-gallery-item-large\" itemprop=\"associatedMedia\" itemscope itemtype=\"http:\/\/schema.org\/ImageObject\"> <a href=\"https:\/\/i2.wp.com\/apartamentolapaman.com\/wp-content\/uploads\/2018\/05\/11-habitacion-camas-gemelas-apartamento-lapaman.jpg?ssl=1\" border=\"0\" itemprop=\"url\"> <meta itemprop=\"width\" content=\"370\"> <meta itemprop=\"height\" content=\"247\"> <img data-attachment-id=\"722\" data-orig-file=\"https:\/\/apartamentolapaman.com\/wp-content\/uploads\/2018\/05\/11-habitacion-camas-gemelas-apartamento-lapaman.jpg\" data-orig-size=\"1200,800\" data-comments-opened=\"1\" data-image-meta=\"{&quot;aperture&quot;:&quot;0&quot;,&quot;credit&quot;:&quot;&quot;,&quot;camera&quot;:&quot;&quot;,&quot;caption&quot;:&quot;&quot;,&quot;created_timestamp&quot;:&quot;0&quot;,&quot;copyright&quot;:&quot;&quot;,&quot;focal_length&quot;:&quot;0&quot;,&quot;iso&quot;:&quot;0&quot;,&quot;shutter_speed&quot;:&quot;0&quot;,&quot;title&quot;:&quot;&quot;,&quot;orientation&quot;:&quot;0&quot;}\" data-image-title=\"Habitaci\u00f3n con camas gemelas de Apartamento Lapam\u00e1n Bueu\" data-image-description=\"\" data-medium-file=\"https:\/\/i2.wp.com\/apartamentolapaman.com\/wp-content\/uploads\/2018\/05\/11-habitacion-camas-gemelas-apartamento-lapaman.jpg?fit=300%2C200&#038;ssl=1\" data-large-file=\"https:\/\/i2.wp.com\/apartamentolapaman.com\/wp-content\/uploads\/2018\/05\/11-habitacion-camas-gemelas-apartamento-lapaman.jpg?fit=748%2C499&#038;ssl=1\" src=\"https:\/\/i2.wp.com\/apartamentolapaman.com\/wp-content\/uploads\/2018\/05\/11-habitacion-camas-gemelas-apartamento-lapaman.jpg?w=370&#038;h=247&#038;ssl=1\" width=\"370\" height=\"247\" data-original-width=\"370\" data-original-height=\"247\" itemprop=\"http:\/\/schema.org\/image\" title=\"Habitaci\u00f3n con camas gemelas de Apartamento Lapam\u00e1n Bueu\" alt=\"Habitaci\u00f3n con camas gemelas de Apartamento Lapam\u00e1n Bueu\" style=\"width: 370px; height: 247px;\" \/> <\/a> <\/div> <\/div> <!-- close group --> <div class=\"gallery-group images-1\" style=\"width: 374px; height: 251px;\" data-original-width=\"374\" data-original-height=\"251\" > <div class=\"tiled-gallery-item tiled-gallery-item-large\" itemprop=\"associatedMedia\" itemscope itemtype=\"http:\/\/schema.org\/ImageObject\"> <a href=\"https:\/\/i0.wp.com\/apartamentolapaman.com\/wp-content\/uploads\/2018\/05\/12-comedor-cortinas-apartamento-lapaman.jpg?ssl=1\" border=\"0\" itemprop=\"url\"> <meta itemprop=\"width\" content=\"370\"> <meta itemprop=\"height\" content=\"247\"> <img data-attachment-id=\"723\" data-orig-file=\"https:\/\/apartamentolapaman.com\/wp-content\/uploads\/2018\/05\/12-comedor-cortinas-apartamento-lapaman.jpg\" data-orig-size=\"1200,800\" data-comments-opened=\"1\" data-image-meta=\"{&quot;aperture&quot;:&quot;0&quot;,&quot;credit&quot;:&quot;&quot;,&quot;camera&quot;:&quot;&quot;,&quot;caption&quot;:&quot;&quot;,&quot;created_timestamp&quot;:&quot;0&quot;,&quot;copyright&quot;:&quot;&quot;,&quot;focal_length&quot;:&quot;0&quot;,&quot;iso&quot;:&quot;0&quot;,&quot;shutter_speed&quot;:&quot;0&quot;,&quot;title&quot;:&quot;&quot;,&quot;orientation&quot;:&quot;0&quot;}\" data-image-title=\"Comedor con cortina corrida para convertir sal\u00f3n en habitaci\u00f3n\" data-image-description=\"\" data-medium-file=\"https:\/\/i0.wp.com\/apartamentolapaman.com\/wp-content\/uploads\/2018\/05\/12-comedor-cortinas-apartamento-lapaman.jpg?fit=300%2C200&#038;ssl=1\" data-large-file=\"https:\/\/i0.wp.com\/apartamentolapaman.com\/wp-content\/uploads\/2018\/05\/12-comedor-cortinas-apartamento-lapaman.jpg?fit=748%2C499&#038;ssl=1\" src=\"https:\/\/i0.wp.com\/apartamentolapaman.com\/wp-content\/uploads\/2018\/05\/12-comedor-cortinas-apartamento-lapaman.jpg?w=370&#038;h=247&#038;ssl=1\" width=\"370\" height=\"247\" data-original-width=\"370\" data-original-height=\"247\" itemprop=\"http:\/\/schema.org\/image\" title=\"Comedor con cortina corrida para convertir sal\u00f3n en habitaci\u00f3n\" alt=\"Comedor con cortina corrida para convertir sal\u00f3n en habitaci\u00f3n\" style=\"width: 370px; height: 247px;\" \/> <\/a> <\/div> <\/div> <!-- close group --> <\/div> <!-- close row --> <\/div>\n<div class=\"mphb_sc_rooms-wrapper mphb-room-types \"><p class=\"mphb-not-found\">\r\n\tNo accommodations matching criteria.<\/p><\/div>\n<h2>Other available services<\/h2>\n<div class=\"mphb_sc_services-wrapper \"><p class=\"mphb-not-found\">\r\n\tNo services matched criteria.<\/p><\/div>\n","protected":false},"excerpt":{"rendered":"<p>En el coraz\u00f3n de las R\u00edas Baixas<\/p>\n","protected":false},"author":1,"featured_media":709,"parent":533,"menu_order":1,"comment_status":"closed","ping_status":"closed","template":"","meta":{"amp_status":"","spay_email":""},"jetpack_sharing_enabled":true,"jetpack_shortlink":"https:\/\/wp.me\/P9AYLN-8M","_links":{"self":[{"href":"https:\/\/apartamentolapaman.com\/en\/wp-json\/wp\/v2\/pages\/544"}],"collection":[{"href":"https:\/\/apartamentolapaman.com\/en\/wp-json\/wp\/v2\/pages"}],"about":[{"href":"https:\/\/apartamentolapaman.com\/en\/wp-json\/wp\/v2\/types\/page"}],"author":[{"embeddable":true,"href":"https:\/\/apartamentolapaman.com\/en\/wp-json\/wp\/v2\/users\/1"}],"replies":[{"embeddable":true,"href":"https:\/\/apartamentolapaman.com\/en\/wp-json\/wp\/v2\/comments?post=544"}],"version-history":[{"count":4,"href":"https:\/\/apartamentolapaman.com\/en\/wp-json\/wp\/v2\/pages\/544\/revisions"}],"predecessor-version":[{"id":725,"href":"https:\/\/apartamentolapaman.com\/en\/wp-json\/wp\/v2\/pages\/544\/revisions\/725"}],"up":[{"embeddable":true,"href":"https:\/\/apartamentolapaman.com\/en\/wp-json\/wp\/v2\/pages\/533"}],"wp:featuredmedia":[{"embeddable":true,"href":"https:\/\/apartamentolapaman.com\/en\/wp-json\/wp\/v2\/media\/709"}],"wp:attachment":[{"href":"https:\/\/apartamentolapaman.com\/en\/wp-json\/wp\/v2\/media?parent=544"}],"curies":[{"name":"wp","href":"https:\/\/api.w.org\/{rel}","templated":true}]}}