{"id":533,"date":"2018-01-31T22:40:16","date_gmt":"2018-01-31T21:40:16","guid":{"rendered":"https:\/\/apartamentolapaman.com\/?page_id=533"},"modified":"2019-01-10T06:51:25","modified_gmt":"2019-01-10T05:51:25","slug":"welcome-lapaman-appartment","status":"publish","type":"page","link":"https:\/\/apartamentolapaman.com\/en\/","title":{"rendered":"Welcome to Lapam\u00e1n Apartment"},"content":{"rendered":"<p>Lapam\u00e1n Apartment is located three minutes walk from Lapam\u00e1n Beach (Bueu, Pontevedra, Galicia), European blue flag for the quality of its waters, sand and services to the visitor. It is a 2018 completely renovated house, with a terrace overlooking the Ria de Pontevedra and the Ons Island, part of the National Park of the Atlantic Islands.<\/p>\n<p><span class=\"embed-youtube\" style=\"text-align:center; display: block;\"><iframe class='youtube-player' width='748' height='421' src='https:\/\/www.youtube.com\/embed\/19fE0scEfjU?version=3&#038;rel=1&#038;fs=1&#038;autohide=2&#038;showsearch=0&#038;showinfo=1&#038;iv_load_policy=1&#038;wmode=transparent' allowfullscreen='true' style='border:0;'><\/iframe><\/span><\/p>\n<h2>Lapam\u00e1n -&gt; Bueu -&gt; R\u00edas Baixas -&gt; Galicia<\/h2>\n<p>If your trip is in summer, the main attraction will undoubtedly be its proximity to Lapam\u00e1n Beach. The apartment has free parking in an urbanization with exteriors where children can play without the risk of car traffic. Getting to the beach is 3 minutes walk (you do not have to move the car, you do not have to look for or pay for parking) without even having to touch the main road or cross. It goes directly to the road that leads to Lapam\u00e1n Beach.<\/p>\n<p class=\"p1\">The house is 5 minutes by car from the center of Bueu, from where you take the boat to Ons Island; and 15 minutes from the port of Cangas do Morrazo, from where it leaves for the Cies Islands. Also many other tourist options in Cela, Bueu, Mar\u00edn or O Morrazo that we detail in The environment.<\/p>\n<p class=\"p1\">If you are looking for general tourism in the R\u00edas Baixas or all of Galicia, Lapam\u00e1n Apartment is right in the middle of the R\u00edas Baixas, halfway to the south of Vigo, Nigr\u00e1n or Baiona; and towards the north of Pontevedra, Combarro, Sanxenxo, O Grove and all O Saln\u00e9s. Less than one hour away from Santiago de Compostela or Ourense.<\/p>\n<p class=\"p1\">Do not hesitate, check availability in the Reservations section or contact us for any possible questions.<\/p>\n<p>&nbsp;<\/p>\n","protected":false},"excerpt":{"rendered":"<p>Your balcony to the Atlantic in the heart of the R\u00edas Baixas (Bueu, Galicia)<\/p>\n","protected":false},"author":1,"featured_media":425,"parent":0,"menu_order":0,"comment_status":"closed","ping_status":"closed","template":"template-front-page.php","meta":{"amp_status":"","spay_email":""},"jetpack_sharing_enabled":true,"jetpack_shortlink":"https:\/\/wp.me\/P9AYLN-8B","_links":{"self":[{"href":"https:\/\/apartamentolapaman.com\/en\/wp-json\/wp\/v2\/pages\/533"}],"collection":[{"href":"https:\/\/apartamentolapaman.com\/en\/wp-json\/wp\/v2\/pages"}],"about":[{"href":"https:\/\/apartamentolapaman.com\/en\/wp-json\/wp\/v2\/types\/page"}],"author":[{"embeddable":true,"href":"https:\/\/apartamentolapaman.com\/en\/wp-json\/wp\/v2\/users\/1"}],"replies":[{"embeddable":true,"href":"https:\/\/apartamentolapaman.com\/en\/wp-json\/wp\/v2\/comments?post=533"}],"version-history":[{"count":5,"href":"https:\/\/apartamentolapaman.com\/en\/wp-json\/wp\/v2\/pages\/533\/revisions"}],"predecessor-version":[{"id":1093,"href":"https:\/\/apartamentolapaman.com\/en\/wp-json\/wp\/v2\/pages\/533\/revisions\/1093"}],"wp:featuredmedia":[{"embeddable":true,"href":"https:\/\/apartamentolapaman.com\/en\/wp-json\/wp\/v2\/media\/425"}],"wp:attachment":[{"href":"https:\/\/apartamentolapaman.com\/en\/wp-json\/wp\/v2\/media?parent=533"}],"curies":[{"name":"wp","href":"https:\/\/api.w.org\/{rel}","templated":true}]}}